{"id":176,"date":"2026-02-15T22:03:26","date_gmt":"2026-02-15T21:03:26","guid":{"rendered":"https:\/\/iwekamericancars.pl\/?page_id=176"},"modified":"2026-02-15T22:51:11","modified_gmt":"2026-02-15T21:51:11","slug":"import","status":"publish","type":"page","link":"https:\/\/iwekamericancars.pl\/?page_id=176","title":{"rendered":"Import"},"content":{"rendered":"\t\t<div data-elementor-type=\"wp-page\" data-elementor-id=\"176\" class=\"elementor elementor-176\" data-elementor-settings=\"{&quot;ha_cmc_init_switcher&quot;:&quot;no&quot;}\" data-elementor-post-type=\"page\">\n\t\t\t\t<div class=\"elementor-element elementor-element-770412f e-flex e-con-boxed e-con e-parent\" data-id=\"770412f\" data-element_type=\"container\" data-e-type=\"container\" data-settings=\"{&quot;background_background&quot;:&quot;classic&quot;,&quot;_ha_eqh_enable&quot;:false}\">\n\t\t\t\t\t<div class=\"e-con-inner\">\n\t\t\t\t<div class=\"elementor-element elementor-element-0c352cd elementor-widget elementor-widget-heading\" data-id=\"0c352cd\" data-element_type=\"widget\" data-e-type=\"widget\" data-widget_type=\"heading.default\">\n\t\t\t\t\t<h1 class=\"elementor-heading-title elementor-size-default\">IMPORT AUT Z USA I KANADY <br> - OD WYBORU DO DOSTARCZENIA POD TW\u00d3J DOM<\/h1>\t\t\t\t<\/div>\n\t\t\t\t\t<\/div>\n\t\t\t\t<\/div>\n\t\t<div class=\"elementor-element elementor-element-76295f1 e-flex e-con-boxed e-con e-parent\" data-id=\"76295f1\" data-element_type=\"container\" data-e-type=\"container\" data-settings=\"{&quot;_ha_eqh_enable&quot;:false}\">\n\t\t\t\t\t<div class=\"e-con-inner\">\n\t\t\t\t<div class=\"elementor-element elementor-element-60976d6 elementor-widget-mobile__width-inherit elementor-widget elementor-widget-text-editor\" data-id=\"60976d6\" data-element_type=\"widget\" data-e-type=\"widget\" data-widget_type=\"text-editor.default\">\n\t\t\t\t\t\t\t\t\t<p class=\"p1\">Sprowadzenie samochodu z USA mo\u017ce by\u0107 prostsze, ni\u017c my\u015blisz. W <span class=\"s1\"><b>IWEK American Cars<\/b><\/span> zajmujemy si\u0119 ca\u0142ym procesem &#8211; od znalezienia odpowiedniego pojazdu, przez zakup i transport, a\u017c po dostarczenie auta pod wskazany adres w Polsce. W wielu przypadkach ca\u0142y import realizujemy ju\u017c w oko\u0142o <span class=\"s1\"><b>6 tygodni od momentu zakupu<\/b><\/span>.<\/p><p class=\"p1\">Samochody z rynku ameryka\u0144skiego ciesz\u0105 si\u0119 du\u017c\u0105 popularno\u015bci\u0105 ze wzgl\u0119du na bogatsze wyposa\u017cenie, szeroki wyb\u00f3r modeli oraz cz\u0119sto korzystniejsz\u0105 cen\u0119 ni\u017c na rynku europejskim. To szansa na zakup auta lepiej dopasowanego do swoich oczekiwa\u0144 bez przep\u0142acania.<\/p><p class=\"p1\">Zapewniamy kompleksow\u0105 obs\u0142ug\u0119 importu &#8211; przeprowadzamy klient\u00f3w przez ka\u017cdy etap procesu w spos\u00f3b przejrzysty i bezpieczny, zajmuj\u0105c si\u0119 formalno\u015bciami, logistyk\u0105 oraz organizacj\u0105 ca\u0142ego transportu. Jeszcze przed licytacj\u0105 przedstawiamy orientacyjne koszty, dzi\u0119ki czemu decyzja o zakupie jest \u015bwiadoma i przewidywalna.<\/p>\t\t\t\t\t\t\t\t<\/div>\n\t\t\t\t\t<\/div>\n\t\t\t\t<\/div>\n\t\t<div class=\"elementor-element elementor-element-5fe2feb e-flex e-con-boxed e-con e-parent\" data-id=\"5fe2feb\" data-element_type=\"container\" data-e-type=\"container\" data-settings=\"{&quot;_ha_eqh_enable&quot;:false}\">\n\t\t\t\t\t<div class=\"e-con-inner\">\n\t\t\t\t<div class=\"elementor-element elementor-element-a1ea209 elementor-widget elementor-widget-heading\" data-id=\"a1ea209\" data-element_type=\"widget\" data-e-type=\"widget\" data-widget_type=\"heading.default\">\n\t\t\t\t\t<h1 class=\"elementor-heading-title elementor-size-default\">JAK WYGL\u0104DA IMPORT AUTA \u2013 KROK PO KROKU<\/h1>\t\t\t\t<\/div>\n\t\t\t\t<div class=\"elementor-element elementor-element-402b2b6 elementor-widget elementor-widget-heading\" data-id=\"402b2b6\" data-element_type=\"widget\" data-e-type=\"widget\" data-widget_type=\"heading.default\">\n\t\t\t\t\t<h1 class=\"elementor-heading-title elementor-size-default\">1. WYB\u00d3R POJAZDU<\/h1>\t\t\t\t<\/div>\n\t\t\t\t<div class=\"elementor-element elementor-element-cfd8656 elementor-widget-mobile__width-inherit elementor-widget elementor-widget-text-editor\" data-id=\"cfd8656\" data-element_type=\"widget\" data-e-type=\"widget\" data-widget_type=\"text-editor.default\">\n\t\t\t\t\t\t\t\t\t<p class=\"p3\">Pierwszym etapem jest okre\u015blenie Twoich oczekiwa\u0144. Podczas rozmowy ustalamy bud\u017cet, preferowan\u0105 mark\u0119, model, rocznik, rodzaj silnika oraz wyposa\u017cenie. Im dok\u0142adniej okre\u015blimy wymagania, tym \u0142atwiej znale\u017a\u0107 samoch\u00f3d idealnie dopasowany do Twoich potrzeb.<\/p><p class=\"p3\">Na podstawie tych informacji wyszukujemy pojazdy dost\u0119pne na aukcjach w USA i Kanadzie oraz przedstawiamy wyselekcjonowane propozycje wraz z analiz\u0105 op\u0142acalno\u015bci importu. Oferty przesy\u0142amy mailowo lub poprzez komunikatory, dzi\u0119ki czemu mo\u017cesz spokojnie podj\u0105\u0107 decyzj\u0119.<\/p>\t\t\t\t\t\t\t\t<\/div>\n\t\t\t\t<div class=\"elementor-element elementor-element-88dcd93 elementor-widget elementor-widget-heading\" data-id=\"88dcd93\" data-element_type=\"widget\" data-e-type=\"widget\" data-widget_type=\"heading.default\">\n\t\t\t\t\t<h1 class=\"elementor-heading-title elementor-size-default\">2. UMOWA I PRZYGOTOWANIE DO ZAKUPU<\/h1>\t\t\t\t<\/div>\n\t\t\t\t<div class=\"elementor-element elementor-element-5ebc638 elementor-widget-mobile__width-inherit elementor-widget elementor-widget-text-editor\" data-id=\"5ebc638\" data-element_type=\"widget\" data-e-type=\"widget\" data-widget_type=\"text-editor.default\">\n\t\t\t\t\t\t\t\t\t<p class=\"p3\">Po wyborze pojazdu podpisujemy umow\u0119 okre\u015blaj\u0105c\u0105 warunki wsp\u00f3\u0142pracy oraz ustalamy bud\u017cet licytacji. Dzi\u0119ki temu ca\u0142y proces jest jasny i zabezpieczony dla obu stron.<\/p><p class=\"p3\">Na tym etapie omawiamy r\u00f3wnie\u017c szczeg\u00f3\u0142ow\u0105 kalkulacj\u0119 koszt\u00f3w obejmuj\u0105c\u0105 zakup auta, transport, op\u0142aty portowe oraz podatki. Naszym celem jest pe\u0142na transparentno\u015b\u0107 jeszcze przed rozpocz\u0119ciem licytacji.<\/p>\t\t\t\t\t\t\t\t<\/div>\n\t\t\t\t<div class=\"elementor-element elementor-element-0b7e3ea elementor-widget elementor-widget-heading\" data-id=\"0b7e3ea\" data-element_type=\"widget\" data-e-type=\"widget\" data-widget_type=\"heading.default\">\n\t\t\t\t\t<h1 class=\"elementor-heading-title elementor-size-default\">3. WERYFIKACJA HISTORII POJAZDU<\/h1>\t\t\t\t<\/div>\n\t\t\t\t<div class=\"elementor-element elementor-element-4cf605f elementor-widget-mobile__width-inherit elementor-widget elementor-widget-text-editor\" data-id=\"4cf605f\" data-element_type=\"widget\" data-e-type=\"widget\" data-widget_type=\"text-editor.default\">\n\t\t\t\t\t\t\t\t\t<p class=\"p3\">Ka\u017cdy wybrany samoch\u00f3d sprawdzamy w profesjonalnych bazach historii pojazd\u00f3w, takich jak Carfax lub EpicVIN. Analizujemy przebieg, histori\u0119 serwisow\u0105, ewentualne szkody oraz wcze\u015bniejsze zdarzenia drogowe.<\/p><p class=\"p3\">Dzi\u0119ki temu klient otrzymuje mo\u017cliwie pe\u0142ny obraz pojazdu jeszcze przed jego zakupem.<\/p>\t\t\t\t\t\t\t\t<\/div>\n\t\t\t\t<div class=\"elementor-element elementor-element-7d072d6 elementor-widget elementor-widget-heading\" data-id=\"7d072d6\" data-element_type=\"widget\" data-e-type=\"widget\" data-widget_type=\"heading.default\">\n\t\t\t\t\t<h1 class=\"elementor-heading-title elementor-size-default\">4. LICYTACJA SAMOCHODU<\/h1>\t\t\t\t<\/div>\n\t\t\t\t<div class=\"elementor-element elementor-element-ab0a457 elementor-widget-mobile__width-inherit elementor-widget elementor-widget-text-editor\" data-id=\"ab0a457\" data-element_type=\"widget\" data-e-type=\"widget\" data-widget_type=\"text-editor.default\">\n\t\t\t\t\t\t\t\t\t<p class=\"p3\">\u00a0Licytacja odbywa si\u0119 na \u017cywo na ameryka\u0144skich aukcjach. Reprezentujemy klienta podczas ca\u0142ego procesu i pozostajemy w sta\u0142ym kontakcie, aby na bie\u017c\u0105co reagowa\u0107 na przebieg aukcji.<\/p><p class=\"p3\">Wsp\u00f3lnie ustalamy maksymaln\u0105 kwot\u0119 zakupu, a naszym zadaniem jest przeprowadzenie licytacji w spos\u00f3b bezpieczny i kontrolowany.<\/p>\t\t\t\t\t\t\t\t<\/div>\n\t\t\t\t<div class=\"elementor-element elementor-element-e16972a elementor-widget elementor-widget-heading\" data-id=\"e16972a\" data-element_type=\"widget\" data-e-type=\"widget\" data-widget_type=\"heading.default\">\n\t\t\t\t\t<h1 class=\"elementor-heading-title elementor-size-default\">5. TRANSPORT DO POLSKI<\/h1>\t\t\t\t<\/div>\n\t\t\t\t<div class=\"elementor-element elementor-element-2a1f8c3 elementor-widget-mobile__width-inherit elementor-widget elementor-widget-text-editor\" data-id=\"2a1f8c3\" data-element_type=\"widget\" data-e-type=\"widget\" data-widget_type=\"text-editor.default\">\n\t\t\t\t\t\t\t\t\t<p class=\"p3\">\u00a0Po zakupie organizujemy transport pojazdu z miejsca zakupu do portu w USA, a nast\u0119pnie transport morski do Europy. Zajmujemy si\u0119 r\u00f3wnie\u017c odpraw\u0105 celn\u0105 oraz dokumentacj\u0105 importow\u0105.<\/p><p class=\"p3\">Na ka\u017cdym etapie informujemy o statusie realizacji, dzi\u0119ki czemu dok\u0142adnie wiesz, gdzie znajduje si\u0119 Tw\u00f3j samoch\u00f3d. Po dotarciu auta do Polski pomagamy w dalszych formalno\u015bciach zwi\u0105zanych z przygotowaniem pojazdu do rejestracji.<\/p>\t\t\t\t\t\t\t\t<\/div>\n\t\t\t\t\t<\/div>\n\t\t\t\t<\/div>\n\t\t\t\t<\/div>\n\t\t","protected":false},"excerpt":{"rendered":"<p>IMPORT AUT Z USA I KANADY &#8211; OD WYBORU DO DOSTARCZENIA POD TW\u00d3J DOM Sprowadzenie samochodu z USA mo\u017ce by\u0107 prostsze, ni\u017c my\u015blisz. W IWEK American Cars zajmujemy si\u0119 ca\u0142ym procesem &#8211; od znalezienia odpowiedniego pojazdu, przez zakup i transport, a\u017c po dostarczenie auta pod wskazany adres w Polsce. W wielu przypadkach ca\u0142y import realizujemy [&hellip;]<\/p>\n","protected":false},"author":1,"featured_media":0,"parent":0,"menu_order":0,"comment_status":"closed","ping_status":"closed","template":"elementor_header_footer","meta":{"footnotes":""},"class_list":["post-176","page","type-page","status-publish","hentry"],"_links":{"self":[{"href":"https:\/\/iwekamericancars.pl\/index.php?rest_route=\/wp\/v2\/pages\/176","targetHints":{"allow":["GET"]}}],"collection":[{"href":"https:\/\/iwekamericancars.pl\/index.php?rest_route=\/wp\/v2\/pages"}],"about":[{"href":"https:\/\/iwekamericancars.pl\/index.php?rest_route=\/wp\/v2\/types\/page"}],"author":[{"embeddable":true,"href":"https:\/\/iwekamericancars.pl\/index.php?rest_route=\/wp\/v2\/users\/1"}],"replies":[{"embeddable":true,"href":"https:\/\/iwekamericancars.pl\/index.php?rest_route=%2Fwp%2Fv2%2Fcomments&post=176"}],"version-history":[{"count":13,"href":"https:\/\/iwekamericancars.pl\/index.php?rest_route=\/wp\/v2\/pages\/176\/revisions"}],"predecessor-version":[{"id":205,"href":"https:\/\/iwekamericancars.pl\/index.php?rest_route=\/wp\/v2\/pages\/176\/revisions\/205"}],"wp:attachment":[{"href":"https:\/\/iwekamericancars.pl\/index.php?rest_route=%2Fwp%2Fv2%2Fmedia&parent=176"}],"curies":[{"name":"wp","href":"https:\/\/api.w.org\/{rel}","templated":true}]}}